{"id":874,"date":"2010-05-11T15:14:26","date_gmt":"2010-05-11T18:14:26","guid":{"rendered":"http:\/\/bdigital.uncu.edu.ar\/sid\/?page_id=874"},"modified":"2021-09-22T13:13:36","modified_gmt":"2021-09-22T16:13:36","slug":"odontologia","status":"publish","type":"page","link":"https:\/\/sid.uncu.edu.ar\/wp\/bibliotecas-del-sid-old\/odontologia\/","title":{"rendered":"Odontolog\u00eda"},"content":{"rendered":"<p><img data-recalc-dims=\"1\" loading=\"lazy\" decoding=\"async\" class=\"aligncenter size-large wp-image-11067\" src=\"https:\/\/i0.wp.com\/sid.uncu.edu.ar\/sid\/wp-content\/uploads\/2010\/05\/63-550x229.jpg?resize=550%2C229\" alt=\"\" width=\"550\" height=\"229\" srcset=\"https:\/\/i0.wp.com\/sid.uncu.edu.ar\/wp\/wp-content\/uploads\/2010\/05\/63.jpg?resize=550%2C229&amp;ssl=1 550w, https:\/\/i0.wp.com\/sid.uncu.edu.ar\/wp\/wp-content\/uploads\/2010\/05\/63.jpg?resize=400%2C167&amp;ssl=1 400w, https:\/\/i0.wp.com\/sid.uncu.edu.ar\/wp\/wp-content\/uploads\/2010\/05\/63.jpg?resize=768%2C320&amp;ssl=1 768w, https:\/\/i0.wp.com\/sid.uncu.edu.ar\/wp\/wp-content\/uploads\/2010\/05\/63.jpg?w=1920&amp;ssl=1 1920w\" sizes=\"auto, (max-width: 550px) 100vw, 550px\" \/><\/p>\n<table>\n<tbody>\n<tr>\n<td width=\"33%\">\n<div><span style=\"color: #990000;\">Nombre:<\/span><\/div>\n<\/td>\n<td>\n<div>Biblioteca de la Facultad de Odontolog\u00eda<\/div>\n<\/td>\n<\/tr>\n<tr>\n<td width=\"33%\">\n<div><span style=\"color: #990000;\">Direcci\u00f3n:<\/span><\/div>\n<\/td>\n<td width=\"67%\">\n<div>Facultad de Odontolog\u00eda &#8211; Ciudad Universitaria &#8211; Parque Gral. San Mart\u00edn (5500) Mendoza<\/div>\n<\/td>\n<\/tr>\n<tr>\n<td width=\"33%\" height=\"18\">\n<div><span style=\"color: #990000;\">Mail:<\/span><\/div>\n<\/td>\n<td width=\"67%\" height=\"21\">\n<div><a href=\"mailto:bibliotecaodonto@aconcagua.uncu.edu.ar\">bibliotecaodonto@fodonto.uncu.edu.ar<\/a><\/div>\n<\/td>\n<\/tr>\n<tr>\n<td width=\"33%\">\n<div><span style=\"color: #990000;\">Tel\u00e9fono:<\/span><\/div>\n<\/td>\n<td width=\"67%\">\n<div>Conmutador 4135007 interno 3064\/65<\/div>\n<\/td>\n<\/tr>\n<tr>\n<td width=\"33%\">\n<div><span style=\"color: #990000;\">Directora:<\/span><\/div>\n<\/td>\n<td width=\"67%\">\n<div>Ester Peretti<\/div>\n<\/td>\n<\/tr>\n<tr>\n<td width=\"33%\">\n<div><span style=\"color: #990000;\">Horarios de Atenci\u00f3n<\/span><\/div>\n<\/td>\n<td width=\"67%\"><span style=\"font-weight: 400;\">Abierta de lunes a viernes de 9 a 17 hs. para pr\u00e9stamo y devoluci\u00f3n de libros con turnos. Habilitada la sala de lectura.<\/span><\/td>\n<\/tr>\n<\/tbody>\n<\/table>\n<p>M\u00e1s info: <a href=\"http:\/\/www.fodonto.uncuyo.edu.ar\/biblioteca\">http:\/\/www.fodonto.uncuyo.edu.ar\/biblioteca<\/a><\/p>\n","protected":false},"excerpt":{"rendered":"<p>Nombre: Biblioteca de la Facultad de Odontolog\u00eda Direcci\u00f3n: Facultad de Odontolog\u00eda &#8211; Ciudad Universitaria &#8211; Parque Gral. San Mart\u00edn (5500)<\/p>\n<div class=\"read-more\"><a class=\"btn button-secondary\" href=\"https:\/\/sid.uncu.edu.ar\/wp\/bibliotecas-del-sid-old\/odontologia\/\">Leer m\u00e1s<\/a><\/div>\n","protected":false},"author":11,"featured_media":0,"parent":20,"menu_order":0,"comment_status":"closed","ping_status":"closed","template":"","meta":{"_acf_changed":false,"bgseo_title":"","bgseo_description":"","bgseo_robots_index":"","bgseo_robots_follow":"","footnotes":""},"class_list":["post-874","page","type-page","status-publish"],"acf":[],"jetpack-related-posts":[{"id":18757,"url":"https:\/\/sid.uncu.edu.ar\/wp\/bibliotecas-del-sid\/","url_meta":{"origin":874,"position":0},"title":"Bibliotecas del SID","author":"SID Comunicaci\u00f3n","date":"28 junio 2023","format":false,"excerpt":"\u00a0 Bibliotecas del SID\u00a0 Listado de Bibliotecas Reglamento Carnet \u00danico El SID, Sistema Integrado de Documentaci\u00f3n de la UNCUYO, es una red que vincula todos los servicios de documentaci\u00f3n e informaci\u00f3n de la universidad: las bibliotecas de cada facultad, colegios secundarios e institutos tecnol\u00f3gicos, la Biblioteca Central y el Centro\u2026","rel":"","context":"Entrada similar","block_context":{"text":"Entrada similar","link":""},"img":{"alt_text":"","src":"","width":0,"height":0},"classes":[]},{"id":16449,"url":"https:\/\/sid.uncu.edu.ar\/wp\/horarios-bibliotecas__old\/","url_meta":{"origin":874,"position":1},"title":"Horarios Bibliotecas","author":"SID Comunicaci\u00f3n","date":"8 abril 2022","format":false,"excerpt":"Biblioteca Central Lunes a Viernes de 9 a 19 hs\u00a0 Tel\u00e9fono 413-5216 \/\/\u00a0 WhatsApp +54 9 2615 59-6651 SIN TURNO PREVIO Servicios habilitados:\u00a0 Computadoras Sala de lectura y estudio\u00a0 Pr\u00e9stamos a domicilio\u00a0 y devoluci\u00f3n \u00a0 Facultad de Artes y Dise\u00f1o\u00a0 Lunes a Viernes de 8:30 a 19:30 hs Tel\u00e9fono 4494099\u2026","rel":"","context":"Entrada similar","block_context":{"text":"Entrada similar","link":""},"img":{"alt_text":"","src":"","width":0,"height":0},"classes":[]},{"id":3351,"url":"https:\/\/sid.uncu.edu.ar\/wp\/alfin\/1%c2%aa-jornadas-ncionales-alfin-en-mendoza\/programa\/","url_meta":{"origin":874,"position":2},"title":"Programa &#8211; Jornadas de ALFIN 2011","author":"SID Comunicaci\u00f3n","date":"8 noviembre 2011","format":false,"excerpt":"Jueves 17 de noviembre 08:30 - ACREDITACIONES 10:00 - Palabras de Bienvenida a cargo de las autoridades de la UNCuyo 10:30 - Conferencia Magistral: Jes\u00fas Lau, Proyectos ALFIN - IFLA y UNESCO. 11:30 - Caf\u00e9 12:00 - PANEL: Restricciones en el acceso a la informaci\u00f3n. Pasado y presente. Coordinaci\u00f3n Alejandra\u2026","rel":"","context":"Entrada similar","block_context":{"text":"Entrada similar","link":""},"img":{"alt_text":"","src":"","width":0,"height":0},"classes":[]},{"id":1430,"url":"https:\/\/sid.uncu.edu.ar\/wp\/cdh\/fotos-antiguas-de-edificios-y-dependencias-de-la-uncuyo\/","url_meta":{"origin":874,"position":3},"title":"Fotos antiguas de edificios y dependencias de la UNCuyo","author":"CDH","date":"18 octubre 2010","format":false,"excerpt":"","rel":"","context":"En \u00abSin categor\u00eda\u00bb","block_context":{"text":"Sin categor\u00eda","link":"https:\/\/sid.uncu.edu.ar\/wp\/categorias\/sin-categoria\/"},"img":{"alt_text":"","src":"https:\/\/i0.wp.com\/sid.uncu.edu.ar\/sid\/wp-content\/uploads\/2010\/10\/foto1391.jpg?resize=350%2C200","width":350,"height":200,"srcset":"https:\/\/i0.wp.com\/sid.uncu.edu.ar\/sid\/wp-content\/uploads\/2010\/10\/foto1391.jpg?resize=350%2C200 1x, https:\/\/i0.wp.com\/sid.uncu.edu.ar\/sid\/wp-content\/uploads\/2010\/10\/foto1391.jpg?resize=525%2C300 1.5x"},"classes":[]},{"id":126,"url":"https:\/\/sid.uncu.edu.ar\/wp\/bibliotecas-del-sid-old\/economicas\/","url_meta":{"origin":874,"position":4},"title":"Ciencias Econ\u00f3micas","author":"SID Comunicaci\u00f3n","date":"3 febrero 2010","format":false,"excerpt":"Nombre: Biblioteca de la Facultad de Ciencias Econ\u00f3micas Direcci\u00f3n: Centro Universitario - Parque Gral. San Mart\u00edn (5500) Mendoza Mail: biblioteca@fcemail.uncu.edu.ar Tel\u00e9fono: Fax: + 54 261 4232779 Conmutador: + 54 261 449-4009 Directores: Silvia Paredes Horarios de Atenci\u00f3n Abierta de lunes a viernes de 8 a 14 hs. y de 15\u2026","rel":"","context":"En \u00abSin categor\u00eda\u00bb","block_context":{"text":"Sin categor\u00eda","link":"https:\/\/sid.uncu.edu.ar\/wp\/categorias\/sin-categoria\/"},"img":{"alt_text":"","src":"https:\/\/i0.wp.com\/sid.uncu.edu.ar\/sid\/wp-content\/uploads\/2010\/02\/biblioteca-12-550x367.jpg?resize=350%2C200","width":350,"height":200,"srcset":"https:\/\/i0.wp.com\/sid.uncu.edu.ar\/sid\/wp-content\/uploads\/2010\/02\/biblioteca-12-550x367.jpg?resize=350%2C200 1x, https:\/\/i0.wp.com\/sid.uncu.edu.ar\/sid\/wp-content\/uploads\/2010\/02\/biblioteca-12-550x367.jpg?resize=525%2C300 1.5x"},"classes":[]},{"id":1984,"url":"https:\/\/sid.uncu.edu.ar\/wp\/arte\/artemuestras\/diversidad-e-integracion\/","url_meta":{"origin":874,"position":5},"title":"Diversidad e Integraci\u00f3n \u2013 2010 \/ 2011","author":"SID Comunicaci\u00f3n","date":"11 febrero 2011","format":false,"excerpt":"Inauguraci\u00f3n: jueves 9 de diciembre. Biblioteca Central \/ UNCUYO La\u00a0 muestra \u201cDiversidad e Integraci\u00f3n\u201d, es parte de un Proyecto de inclusi\u00f3n social que\u00a0 promueve la reflexi\u00f3n de distintos actores sociales. Participan en \u00e9l alumnos avanzados\u00a0 de los talleres de Artes Visuales y de Cer\u00e1mica de la Facultad de Artes y\u2026","rel":"","context":"Entrada similar","block_context":{"text":"Entrada similar","link":""},"img":{"alt_text":"","src":"https:\/\/i0.wp.com\/sid.uncu.edu.ar\/sid\/wp-content\/uploads\/2010\/12\/muestra-catalogo-nota-300x300.jpg?resize=350%2C200","width":350,"height":200},"classes":[]}],"jetpack_sharing_enabled":true,"jetpack_likes_enabled":true,"_links":{"self":[{"href":"https:\/\/sid.uncu.edu.ar\/wp\/wp-json\/wp\/v2\/pages\/874","targetHints":{"allow":["GET"]}}],"collection":[{"href":"https:\/\/sid.uncu.edu.ar\/wp\/wp-json\/wp\/v2\/pages"}],"about":[{"href":"https:\/\/sid.uncu.edu.ar\/wp\/wp-json\/wp\/v2\/types\/page"}],"author":[{"embeddable":true,"href":"https:\/\/sid.uncu.edu.ar\/wp\/wp-json\/wp\/v2\/users\/11"}],"replies":[{"embeddable":true,"href":"https:\/\/sid.uncu.edu.ar\/wp\/wp-json\/wp\/v2\/comments?post=874"}],"version-history":[{"count":13,"href":"https:\/\/sid.uncu.edu.ar\/wp\/wp-json\/wp\/v2\/pages\/874\/revisions"}],"predecessor-version":[{"id":15157,"href":"https:\/\/sid.uncu.edu.ar\/wp\/wp-json\/wp\/v2\/pages\/874\/revisions\/15157"}],"up":[{"embeddable":true,"href":"https:\/\/sid.uncu.edu.ar\/wp\/wp-json\/wp\/v2\/pages\/20"}],"wp:attachment":[{"href":"https:\/\/sid.uncu.edu.ar\/wp\/wp-json\/wp\/v2\/media?parent=874"}],"curies":[{"name":"wp","href":"https:\/\/api.w.org\/{rel}","templated":true}]}}