{"id":71,"date":"2009-12-09T13:04:07","date_gmt":"2009-12-09T16:04:07","guid":{"rendered":"http:\/\/bdigital.uncu.edu.ar\/sid\/?page_id=71"},"modified":"2025-10-01T13:07:48","modified_gmt":"2025-10-01T16:07:48","slug":"prestamos","status":"publish","type":"page","link":"https:\/\/sid.uncu.edu.ar\/wp\/prestamos\/","title":{"rendered":"Pr\u00e9stamos &#8211; Circulaci\u00f3n"},"content":{"rendered":"<div class=\"boldgrid-section\">\n<div class=\"container\">\n<div class=\"row\" style=\"padding-bottom: 76px;\">\n<div class=\"col-lg-2 col-md-12 col-sm-12 col-xs-12\"><\/div>\n<div class=\"col-lg-10 col-md-12 col-xs-12 col-sm-12\">\n<h2 class=\"\"><strong>Viv\u00ed tu derecho a la informaci\u00f3n<\/strong><\/h2>\n<p class=\"\">En las bibliotecas de todas las facultades y en la Biblioteca Central, todos tienen derecho, sin restricciones, a la <strong>lectura de libros y revistas en sala<\/strong>. Nuestras bibliotecas son <strong>semip\u00fablicas<\/strong> y est\u00e1n destinadas prioritariamente a servir de apoyo a la docencia, el estudio y la investigaci\u00f3n.<\/p>\n<p class=\"\">Los socios (docentes, empleados, estudiantes o graduados de la UNCuyo) pueden acceder al <strong>pr\u00e9stamo a domicilio<\/strong>.<\/p>\n<p class=\"\">&nbsp;<\/p>\n<p><a href=\"https:\/\/i0.wp.com\/sid.uncu.edu.ar\/sid\/wp-content\/uploads\/2009\/12\/prestamos.jpg\"><img data-recalc-dims=\"1\" loading=\"lazy\" decoding=\"async\" class=\"size-full wp-image-545\" title=\"Pr\u00e9stamos\" src=\"https:\/\/i0.wp.com\/sid.uncu.edu.ar\/sid\/wp-content\/uploads\/2009\/12\/prestamos.jpg?resize=500%2C213\" alt=\"Carnet \u00danico de la UNCuyo\" width=\"500\" height=\"213\" srcset=\"https:\/\/i0.wp.com\/sid.uncu.edu.ar\/wp\/wp-content\/uploads\/2009\/12\/prestamos.jpg?w=500&amp;ssl=1 500w, https:\/\/i0.wp.com\/sid.uncu.edu.ar\/wp\/wp-content\/uploads\/2009\/12\/prestamos.jpg?resize=300%2C127&amp;ssl=1 300w\" sizes=\"auto, (max-width: 500px) 100vw, 500px\" \/><\/a><\/p>\n<p>&nbsp;<\/p>\n<p class=\"\">El Carnet \u00fanico de las bibliotecas de la UNCuyo te permite el acceso a todos los materiales bibliogr\u00e1ficos de las bibliotecas de la Universidad (facultades, institutos, colegios) y algunas bibliotecas asociadas como la<a href=\"http:\/\/www.ecumenica.org.ar\" target=\"_blank\" rel=\"noopener\"> Asociaci\u00f3n Ecum\u00e9nica de Cuyo<\/a>.<\/p>\n<p class=\"\"><strong>C\u00f3mo encontrar los materiales<\/strong><br \/>\nAlgunas de las bibliotecas de la UNCuyo funcionan con el <strong>sistema de acceso libre <\/strong>o<strong> de estanter\u00eda abierta, <\/strong>por ejemplo la Biblioteca Central. All\u00ed <strong>podr\u00e1s realizar por tu cuenta las b\u00fasquedas en los estantes, <\/strong>con la asistencia del personal de biblioteca<strong>. <\/strong>En otras, son los bibliotecarios quienes reciben los pedidos y te van a alcanzar los libros o revistas que necesit\u00e1s.<\/p>\n<p>En todos los casos, pod\u00e9s <strong>consultar los cat\u00e1logos&nbsp; en un buscador en pantalla<\/strong> (que funciona con la misma base de datos que est\u00e1 en este sitio).<\/p>\n<p class=\"\">&nbsp;<\/p>\n<\/div>\n<\/div>\n<\/div>\n<\/div>\n","protected":false},"excerpt":{"rendered":"<p>Viv\u00ed tu derecho a la informaci\u00f3n En las bibliotecas de todas las facultades y en la Biblioteca Central, todos tienen<\/p>\n<div class=\"read-more\"><a class=\"btn button-secondary\" href=\"https:\/\/sid.uncu.edu.ar\/wp\/prestamos\/\">Leer m\u00e1s<\/a><\/div>\n","protected":false},"author":11,"featured_media":0,"parent":0,"menu_order":0,"comment_status":"closed","ping_status":"open","template":"","meta":{"_acf_changed":false,"bgseo_title":"","bgseo_description":"","bgseo_robots_index":"index","bgseo_robots_follow":"follow","footnotes":""},"class_list":["post-71","page","type-page","status-publish"],"acf":[],"jetpack-related-posts":[{"id":142,"url":"https:\/\/sid.uncu.edu.ar\/wp\/bibliotecas-del-sid-old\/derecho\/","url_meta":{"origin":71,"position":0},"title":"Derecho","author":"SID Comunicaci\u00f3n","date":"3 febrero 2010","format":false,"excerpt":"Nombre: Biblioteca \"Juan Bautista Alberdi\" Direcci\u00f3n: Centro Universitario - Parque Gral. San Mart\u00edn - (5500) Mendoza Mail: biblio@derecho.uncu.edu.ar Tel\u00e9fono: 449 4100 Director a cargo: Marta Vargas Horarios de Atenci\u00f3n Abierta de lunes a viernes de 8:30 a 13:30 hs. y de 14:30 a 19:30 hs. S\u00f3lo pr\u00e9stamo y devoluciones con\u2026","rel":"","context":"En \u00abSin categor\u00eda\u00bb","block_context":{"text":"Sin categor\u00eda","link":"https:\/\/sid.uncu.edu.ar\/wp\/categorias\/sin-categoria\/"},"img":{"alt_text":"","src":"https:\/\/i0.wp.com\/sid.uncu.edu.ar\/sid\/wp-content\/uploads\/2010\/02\/dsc0063.JPG_640_640-550x364.jpg?resize=350%2C200","width":350,"height":200,"srcset":"https:\/\/i0.wp.com\/sid.uncu.edu.ar\/sid\/wp-content\/uploads\/2010\/02\/dsc0063.JPG_640_640-550x364.jpg?resize=350%2C200 1x, https:\/\/i0.wp.com\/sid.uncu.edu.ar\/sid\/wp-content\/uploads\/2010\/02\/dsc0063.JPG_640_640-550x364.jpg?resize=525%2C300 1.5x"},"classes":[]},{"id":18757,"url":"https:\/\/sid.uncu.edu.ar\/wp\/bibliotecas-del-sid\/","url_meta":{"origin":71,"position":1},"title":"Bibliotecas del SID","author":"SID Comunicaci\u00f3n","date":"28 junio 2023","format":false,"excerpt":"\u00a0 Bibliotecas del SID\u00a0 Listado de Bibliotecas Reglamento Carnet \u00danico El SID, Sistema Integrado de Documentaci\u00f3n de la UNCUYO, es una red que vincula todos los servicios de documentaci\u00f3n e informaci\u00f3n de la universidad: las bibliotecas de cada facultad, colegios secundarios e institutos tecnol\u00f3gicos, la Biblioteca Central y el Centro\u2026","rel":"","context":"Entrada similar","block_context":{"text":"Entrada similar","link":""},"img":{"alt_text":"","src":"","width":0,"height":0},"classes":[]},{"id":80,"url":"https:\/\/sid.uncu.edu.ar\/wp\/prestamos\/como-asociarse\/","url_meta":{"origin":71,"position":2},"title":"Asociate a la Red de Bibliotecas de la UNCUYO","author":"SID Comunicaci\u00f3n","date":"9 diciembre 2009","format":false,"excerpt":"El Carnet \u00danico te da acceso a los recursos y servicios de todas las bibliotecas de las facultades, los colegios, institutos y las asociadas de la Universidad Nacional de Cuyo. \u00a0 \u00bfD\u00f3nde debo asociarme?\u00a0 Estudiantes, docentes, egresados\/as de grado o posgrado deben asociarse en la biblioteca de su facultad. En\u2026","rel":"","context":"En \u00abSin categor\u00eda\u00bb","block_context":{"text":"Sin categor\u00eda","link":"https:\/\/sid.uncu.edu.ar\/wp\/categorias\/sin-categoria\/"},"img":{"alt_text":"","src":"https:\/\/i0.wp.com\/sid.uncu.edu.ar\/sid\/wp-content\/uploads\/2022\/04\/CARNET-UNICO-OK-05-475x800.jpg?resize=350%2C200&ssl=1","width":350,"height":200},"classes":[]},{"id":47,"url":"https:\/\/sid.uncu.edu.ar\/wp\/alfin\/","url_meta":{"origin":71,"position":3},"title":"Alfabetizaci\u00f3n Informacional","author":"SID Comunicaci\u00f3n","date":"7 diciembre 2009","format":false,"excerpt":"\u00bfQu\u00e9 es? El objetivo del ALFIN es promover el uso responsable, cr\u00edtico, creativo y aut\u00f3nomo de la informaci\u00f3n para la generaci\u00f3n de conocimiento individual y colectivo, brindando herramientas para aprender, ense\u00f1ar e investigar. Permite mejorar y optimizar el acceso a los recursos de informaci\u00f3n y formaci\u00f3n disponibles en forma local\u2026","rel":"","context":"En \u00abSin categor\u00eda\u00bb","block_context":{"text":"Sin categor\u00eda","link":"https:\/\/sid.uncu.edu.ar\/wp\/categorias\/sin-categoria\/"},"img":{"alt_text":"Captura de pantalla 2015-11-20 13.56.55","src":"https:\/\/i0.wp.com\/sid.uncu.edu.ar\/sid\/wp-content\/uploads\/2009\/12\/Captura-de-pantalla-2015-11-20-13.56.55.png?resize=350%2C200","width":350,"height":200},"classes":[]},{"id":2052,"url":"https:\/\/sid.uncu.edu.ar\/wp\/servac-discapacidad\/descargar-resumenes-y-ponencias\/resumenes-de-ponencias-del-primer-encuentro\/","url_meta":{"origin":71,"position":4},"title":"1\u00ba Encuentro de Bibliotecas y Servicios Accesibles para Personas con Discapacidad","author":"SID Comunicaci\u00f3n","date":"28 febrero 2011","format":false,"excerpt":"EJE A- La Biblioteca y el acceso democr\u00e1tico y equitativo a la informaci\u00f3n: El acceso a los recursos para usuarios condiscapacidad Resumen y ponencia de Roxana Alem\u00e1n (Panam\u00e1) Ponencia de UNGS para agregar Comisi\u00f3n Accesibilidad del SID: Reflexiones Elizabeth Suzuki bibliotecas y Museos (San Miguel) PNCD y Mapa INADI Resumen\u2026","rel":"","context":"Entrada similar","block_context":{"text":"Entrada similar","link":""},"img":{"alt_text":"","src":"","width":0,"height":0},"classes":[]},{"id":16449,"url":"https:\/\/sid.uncu.edu.ar\/wp\/horarios-bibliotecas__old\/","url_meta":{"origin":71,"position":5},"title":"Horarios Bibliotecas","author":"SID Comunicaci\u00f3n","date":"8 abril 2022","format":false,"excerpt":"Biblioteca Central Lunes a Viernes de 9 a 19 hs\u00a0 Tel\u00e9fono 413-5216 \/\/\u00a0 WhatsApp +54 9 2615 59-6651 SIN TURNO PREVIO Servicios habilitados:\u00a0 Computadoras Sala de lectura y estudio\u00a0 Pr\u00e9stamos a domicilio\u00a0 y devoluci\u00f3n \u00a0 Facultad de Artes y Dise\u00f1o\u00a0 Lunes a Viernes de 8:30 a 19:30 hs Tel\u00e9fono 4494099\u2026","rel":"","context":"Entrada similar","block_context":{"text":"Entrada similar","link":""},"img":{"alt_text":"","src":"","width":0,"height":0},"classes":[]}],"jetpack_sharing_enabled":true,"jetpack_likes_enabled":true,"_links":{"self":[{"href":"https:\/\/sid.uncu.edu.ar\/wp\/wp-json\/wp\/v2\/pages\/71","targetHints":{"allow":["GET"]}}],"collection":[{"href":"https:\/\/sid.uncu.edu.ar\/wp\/wp-json\/wp\/v2\/pages"}],"about":[{"href":"https:\/\/sid.uncu.edu.ar\/wp\/wp-json\/wp\/v2\/types\/page"}],"author":[{"embeddable":true,"href":"https:\/\/sid.uncu.edu.ar\/wp\/wp-json\/wp\/v2\/users\/11"}],"replies":[{"embeddable":true,"href":"https:\/\/sid.uncu.edu.ar\/wp\/wp-json\/wp\/v2\/comments?post=71"}],"version-history":[{"count":25,"href":"https:\/\/sid.uncu.edu.ar\/wp\/wp-json\/wp\/v2\/pages\/71\/revisions"}],"predecessor-version":[{"id":20111,"href":"https:\/\/sid.uncu.edu.ar\/wp\/wp-json\/wp\/v2\/pages\/71\/revisions\/20111"}],"wp:attachment":[{"href":"https:\/\/sid.uncu.edu.ar\/wp\/wp-json\/wp\/v2\/media?parent=71"}],"curies":[{"name":"wp","href":"https:\/\/api.w.org\/{rel}","templated":true}]}}