{"id":645,"date":"2010-04-13T13:14:12","date_gmt":"2010-04-13T16:14:12","guid":{"rendered":"http:\/\/bdigital.uncu.edu.ar\/sid\/?page_id=645"},"modified":"2022-10-18T12:15:46","modified_gmt":"2022-10-18T15:15:46","slug":"naciones-unidas","status":"publish","type":"page","link":"https:\/\/sid.uncu.edu.ar\/wp\/naciones-unidas\/","title":{"rendered":"Fondo de las Naciones Unidas"},"content":{"rendered":"<div class=\"boldgrid-section\" style=\"border-width: 0px; background-image: url('https:\/\/sid.uncu.edu.ar\/sid\/wp-content\/uploads\/2010\/04\/onu.jpg'); background-size: cover; background-position: 50% 50%;\" data-image-url=\"https:\/\/sid.uncu.edu.ar\/sid\/wp-content\/uploads\/2010\/04\/onu.jpg\">\n<div class=\"container\">\n<div class=\"row\" style=\"padding-top: 70px; padding-bottom: 209px;\">\n<div class=\"col-lg-12 col-md-12 col-xs-12 col-sm-12\"><\/div>\n<\/div>\n<\/div>\n<\/div>\n<div class=\"boldgrid-section\">\n<div class=\"container\">\n<div class=\"row\" style=\"padding-top: 41px;\">\n<div class=\"col-lg-12 col-md-12 col-xs-12 col-sm-12\">\n<p class=\"\">La Biblioteca Central de la Universidad Nacional de Cuyo es depositaria del Fondo de las Naciones Unidas.<\/p>\n<h3><strong>Materiales:<\/strong><\/h3>\n<ul class=\"\">\n<li>El Fondo de las Naciones Unidas dispone de libros, folletos, publicaciones peri\u00f3dicas en soporte papel y en soporte electr\u00f3nico de todos los <a href=\"http:\/\/www.unsystem.org\/es\/\" target=\"_blank\" rel=\"noopener\">organismos dependientes de las Naciones Unidas<\/a>.<\/li>\n<li>Se reciben v\u00eda e-mail actualizaciones permanentes (en ingl\u00e9s).<\/li>\n<\/ul>\n<h3><strong>Servicios:<\/strong><\/h3>\n<ul class=\"\">\n<li>Consulta en Sala de Lectura y fotocopiado del material en soporte papel.<\/li>\n<li>Consulta en Sala de Lectura y copiado en diskette o env\u00edo v\u00eda e-mail del material en soporte electr\u00f3nico.<\/li>\n<li>Consulta remota: se puede solicitar a la direcci\u00f3n electr\u00f3nica nacionesunidas@uncu.edu.ar el env\u00edo de documentos electr\u00f3nicos.<\/li>\n<li>Pr\u00e9stamo a domicilio de acuerdo con la normativa establecida por la Biblioteca Central.<\/li>\n<\/ul>\n<h3 class=\"\"><span style=\"color: #003366;\"><strong>Naciones Unidas en vivo<\/strong><\/span><\/h3>\n<p class=\"\">El sitio&nbsp;<a href=\"http:\/\/webtv.un.org\/\">UN Web TV Channel<\/a> est\u00e1 disponible 24 horas al d\u00eda con una selecci\u00f3n de programas en vivo de Naciones Unidas, reuniones, encuentros, jornadas y documentales de varios temas globales.<\/p>\n<p class=\"\"><span style=\"color: #003366;\"><strong>El ABC de las Naciones Unidas<\/strong><\/span><\/p>\n<p>La siguiente publicaci\u00f3n es un manual que resume la organizaci\u00f3n, el funcionamiento, los objetivos, la estructura y la historia de la organizaci\u00f3n Naciones Unidas.<\/p>\n<p>Pod\u00e9s descargarla o leerla on line haciendo click en el siguiente enlace:&nbsp;<a href=\"http:\/\/issuu.com\/unpublications\/docs\/basic_facts_spanish#download\">http:\/\/issuu.com\/unpublications\/docs\/basic_facts_spanish#download<\/a><\/p>\n<\/div>\n<\/div>\n<\/div>\n<\/div>\n","protected":false},"excerpt":{"rendered":"<p>La Biblioteca Central de la Universidad Nacional de Cuyo es depositaria del Fondo de las Naciones Unidas. Materiales: El Fondo<\/p>\n<div class=\"read-more\"><a class=\"btn button-secondary\" href=\"https:\/\/sid.uncu.edu.ar\/wp\/naciones-unidas\/\">Leer m\u00e1s<\/a><\/div>\n","protected":false},"author":11,"featured_media":0,"parent":0,"menu_order":0,"comment_status":"closed","ping_status":"open","template":"no-sidebar","meta":{"_acf_changed":false,"bgseo_title":"","bgseo_description":"","bgseo_robots_index":"index","bgseo_robots_follow":"follow","footnotes":""},"class_list":["post-645","page","type-page","status-publish"],"acf":[],"jetpack-related-posts":[{"id":4193,"url":"https:\/\/sid.uncu.edu.ar\/wp\/naciones-unidas\/violencia-de-genero-violencia-contra-los-ninos\/","url_meta":{"origin":645,"position":0},"title":"Derechos Humanos","author":"SID Comunicaci\u00f3n","date":"11 junio 2012","format":false,"excerpt":"La Biblioteca Central de la UNCuyo, plenamente comprometida con la defensa de los Derechos Humanos, ofrece en este espacio, diversos enlaces recomendados y documentos de Naciones Unidas que pueden ser de gran utilidad para toda la comunidad cient\u00edfica en lo que se refiere a las diversas tem\u00e1ticas centradas en esta\u2026","rel":"","context":"Entrada similar","block_context":{"text":"Entrada similar","link":""},"img":{"alt_text":"","src":"","width":0,"height":0},"classes":[]},{"id":4916,"url":"https:\/\/sid.uncu.edu.ar\/wp\/naciones-unidas\/novedades-y-publicaciones\/","url_meta":{"origin":645,"position":1},"title":"NOVEDADES Y PUBLICACIONES","author":"SID Comunicaci\u00f3n","date":"29 octubre 2012","format":false,"excerpt":"\u00a0 En UNPublications podr\u00e1s encontrar alrededor de 5000 t\u00edtulos de Naciones Unidas y sus organismos clave para descargar y leer. Has click en el siguiente enlace para descubrir las novedades en el cat\u00e1logo:\u00a0http:\/\/issuu.com\/unpublications \u00a0","rel":"","context":"Entrada similar","block_context":{"text":"Entrada similar","link":""},"img":{"alt_text":"","src":"https:\/\/i0.wp.com\/sid.uncu.edu.ar\/sid\/wp-content\/uploads\/2012\/10\/photo1.jpg?resize=350%2C200","width":350,"height":200},"classes":[]},{"id":4546,"url":"https:\/\/sid.uncu.edu.ar\/wp\/naciones-unidas\/asuntos-humanitarios\/","url_meta":{"origin":645,"position":2},"title":"Asuntos Humanitarios","author":"SID Comunicaci\u00f3n","date":"3 septiembre 2012","format":false,"excerpt":"De las \"60 contribuciones de las Naciones Unidas para un mundo mejor\", dentro del apartado de Asuntos Humanitarios, se evidencian una serie de logros que, a lo largo de los \u00faltimos 60 a\u00f1os, le han dado un significado important\u00edsimo a la Organizaci\u00f3n de la Naciones Unidas. Entre los logros que\u2026","rel":"","context":"Entrada similar","block_context":{"text":"Entrada similar","link":""},"img":{"alt_text":"","src":"","width":0,"height":0},"classes":[]},{"id":4647,"url":"https:\/\/sid.uncu.edu.ar\/wp\/naciones-unidas\/impacto-academico\/","url_meta":{"origin":645,"position":3},"title":"Impacto Acad\u00e9mico","author":"SID Comunicaci\u00f3n","date":"18 septiembre 2012","format":false,"excerpt":"Impacto Acad\u00e9mico es un programa perteneciente a Naciones Unidas que, en conjunto con la IAUP(International Association of University Presidents, que re\u00fane jefes ejecutivos universitarios de instituciones de educaci\u00f3n superior de todo el mundo), tiene por fin \u00faltimo, unir instituciones de educaci\u00f3n superior con las Naciones Unidas en el af\u00e1n de\u2026","rel":"","context":"Entrada similar","block_context":{"text":"Entrada similar","link":""},"img":{"alt_text":"","src":"","width":0,"height":0},"classes":[]},{"id":4552,"url":"https:\/\/sid.uncu.edu.ar\/wp\/naciones-unidas\/asuntos-humanitarios\/novedades\/","url_meta":{"origin":645,"position":4},"title":"Novedades","author":"SID Comunicaci\u00f3n","date":"3 septiembre 2012","format":false,"excerpt":"La Agencia de la ONU para refugiados (ACRNU), destaca cifra r\u00e9cord de refugiados en 2011, considerando que alrededor de 800000 personas huyeron de su pa\u00eds buscando refugio en otras naciones. Para leer la nota completa, hac\u00e9 click aqu\u00ed.","rel":"","context":"Entrada similar","block_context":{"text":"Entrada similar","link":""},"img":{"alt_text":"","src":"","width":0,"height":0},"classes":[]},{"id":4543,"url":"https:\/\/sid.uncu.edu.ar\/wp\/naciones-unidas\/paz-y-seguridad\/","url_meta":{"origin":645,"position":5},"title":"Paz y Seguridad","author":"SID Comunicaci\u00f3n","date":"3 septiembre 2012","format":false,"excerpt":"60 contribuciones de Naciones Unidas para la Paz y la Seguridad Mantenimiento de la paz y la seguridad Establecimiento de la paz Prevenci\u00f3n de la proliferaci\u00f3n nuclear Remoci\u00f3n de minas terrestres Lucha contra el terrorismo Consejo de Seguridad de la ONU \u00bfQu\u00e9 es el Consejo de Seguridad? El \u00f3rgano de\u2026","rel":"","context":"Entrada similar","block_context":{"text":"Entrada similar","link":""},"img":{"alt_text":"","src":"","width":0,"height":0},"classes":[]}],"jetpack_sharing_enabled":true,"jetpack_likes_enabled":true,"_links":{"self":[{"href":"https:\/\/sid.uncu.edu.ar\/wp\/wp-json\/wp\/v2\/pages\/645","targetHints":{"allow":["GET"]}}],"collection":[{"href":"https:\/\/sid.uncu.edu.ar\/wp\/wp-json\/wp\/v2\/pages"}],"about":[{"href":"https:\/\/sid.uncu.edu.ar\/wp\/wp-json\/wp\/v2\/types\/page"}],"author":[{"embeddable":true,"href":"https:\/\/sid.uncu.edu.ar\/wp\/wp-json\/wp\/v2\/users\/11"}],"replies":[{"embeddable":true,"href":"https:\/\/sid.uncu.edu.ar\/wp\/wp-json\/wp\/v2\/comments?post=645"}],"version-history":[{"count":33,"href":"https:\/\/sid.uncu.edu.ar\/wp\/wp-json\/wp\/v2\/pages\/645\/revisions"}],"predecessor-version":[{"id":17828,"href":"https:\/\/sid.uncu.edu.ar\/wp\/wp-json\/wp\/v2\/pages\/645\/revisions\/17828"}],"wp:attachment":[{"href":"https:\/\/sid.uncu.edu.ar\/wp\/wp-json\/wp\/v2\/media?parent=645"}],"curies":[{"name":"wp","href":"https:\/\/api.w.org\/{rel}","templated":true}]}}