{"id":27,"date":"2009-12-02T14:50:40","date_gmt":"2009-12-02T17:50:40","guid":{"rendered":"http:\/\/bdigital.uncu.edu.ar\/sid\/?page_id=27"},"modified":"2024-02-23T12:57:52","modified_gmt":"2024-02-23T15:57:52","slug":"ecumenica","status":"publish","type":"page","link":"https:\/\/sid.uncu.edu.ar\/wp\/ecumenica\/","title":{"rendered":"Biblioteca Asociaci\u00f3n Ecum\u00e9nica de Cuyo"},"content":{"rendered":"\n<div class=\"boldgrid-section\">\n<div class=\"container\">\n<div class=\"row\">\n<div class=\"col-lg-12 col-md-12 col-xs-12 col-sm-12\">\n<p class=\"\"><img data-recalc-dims=\"1\" loading=\"lazy\" decoding=\"async\" class=\"aligncenter size-large wp-image-11060\" src=\"https:\/\/i0.wp.com\/sid.uncu.edu.ar\/sid\/wp-content\/uploads\/2009\/12\/IMGP0587-550x413.jpg?resize=550%2C413\" alt=\"\" width=\"550\" height=\"413\" srcset=\"https:\/\/i0.wp.com\/sid.uncu.edu.ar\/wp\/wp-content\/uploads\/2009\/12\/IMGP0587.jpg?resize=550%2C413&amp;ssl=1 550w, https:\/\/i0.wp.com\/sid.uncu.edu.ar\/wp\/wp-content\/uploads\/2009\/12\/IMGP0587.jpg?resize=400%2C300&amp;ssl=1 400w, https:\/\/i0.wp.com\/sid.uncu.edu.ar\/wp\/wp-content\/uploads\/2009\/12\/IMGP0587.jpg?resize=768%2C576&amp;ssl=1 768w, https:\/\/i0.wp.com\/sid.uncu.edu.ar\/wp\/wp-content\/uploads\/2009\/12\/IMGP0587.jpg?w=2000&amp;ssl=1 2000w, https:\/\/i0.wp.com\/sid.uncu.edu.ar\/wp\/wp-content\/uploads\/2009\/12\/IMGP0587.jpg?w=3000&amp;ssl=1 3000w\" sizes=\"auto, (max-width: 550px) 100vw, 550px\" \/><\/p>\n<table style=\"height: 256px\" border=\"0\" cellspacing=\"2\" cellpadding=\"2\">\n<tbody>\n<tr style=\"height: 29px\">\n<td style=\"height: 29px;width: 375.328px\">\n<div class=\"\"><span style=\"color: #800000\">Nombre:<\/span><\/div>\n<\/td>\n<td style=\"height: 29px;width: 763.672px\">\n<div><strong>Biblioteca \u00abMauricio A. L\u00f3pez\u00bb <\/strong>de la Asociaci\u00f3n Ecum\u00e9nica de Cuyo<\/div>\n<\/td>\n<\/tr>\n<tr style=\"height: 28px\">\n<td style=\"height: 28px;width: 375.328px\">\n<div><span style=\"color: #800000\">Direcci\u00f3n:<\/span><\/div>\n<\/td>\n<td style=\"height: 28px;width: 763.672px\">\n<div><strong>CHILE 771. <\/strong>Ciudad, Mendoza.<\/div>\n<\/td>\n<\/tr>\n<tr style=\"height: 28px\">\n<td style=\"height: 28px;width: 375.328px\" height=\"18\">\n<div><span style=\"color: #800000\">Mail:<\/span><\/div>\n<\/td>\n<td style=\"height: 28px;width: 763.672px\" height=\"21\"><span style=\"font-weight: 400\">bibliomlopezmza@gmail.com<\/span><\/td>\n<\/tr>\n<tr style=\"height: 28px\">\n<td style=\"height: 28px;width: 375.328px\">\n<div><span style=\"color: #800000\">Tel\u00e9fono:<\/span><\/div>\n<\/td>\n<td style=\"height: 28px;width: 763.672px\">\n<div class=\"\"><strong>Whatsapp&nbsp; +54 2615083950<\/strong><\/div>\n<\/td>\n<\/tr>\n<tr style=\"height: 28px\">\n<td style=\"height: 28px;width: 375.328px\">\n<div><span style=\"color: #800000\">Responsable:<\/span><\/div>\n<\/td>\n<td class=\"\" style=\"height: 28px;width: 763.672px\">Mariana P\u00e1ez<\/td>\n<\/tr>\n<tr style=\"height: 86px\">\n<td class=\"\" style=\"height: 86px;width: 375.328px\">\n<div class=\"\"><span class=\"\" style=\"color: #800000\">Horarios de Atenci\u00f3n:<\/span><\/div>\n<\/td>\n<td style=\"height: 86px;width: 763.672px\">&nbsp;<\/p>\n<p class=\"\">&nbsp;<\/p>\n<p class=\"\">Lunes a viernes de 9 a 15hs.&nbsp;<\/p>\n<p>&nbsp;<\/td>\n<\/tr>\n<tr style=\"height: 29px\">\n<td style=\"height: 29px;width: 375.328px\">\n<div><span class=\"\" style=\"color: #800000\">Website:<br \/>\n<\/span><\/div>\n<\/td>\n<td style=\"height: 29px;width: 763.672px\">\n<div class=\"\"><a class=\"\" href=\"http:\/\/www.ecumenica.org.ar\/wordpress\/biblioteca\/\" target=\"_blank\" rel=\"noopener noreferrer\">http:\/\/www.ecumenica.org.ar\/wordpress\/biblioteca\/<\/a><\/div>\n<\/td>\n<\/tr>\n<\/tbody>\n<\/table>\n<p class=\"\"><strong><img data-recalc-dims=\"1\" loading=\"lazy\" decoding=\"async\" class=\"aligncenter size-large wp-image-11062\" src=\"https:\/\/i0.wp.com\/sid.uncu.edu.ar\/sid\/wp-content\/uploads\/2009\/12\/IMG_2757-550x733.jpg?resize=550%2C733\" alt=\"\" width=\"550\" height=\"733\" srcset=\"https:\/\/i0.wp.com\/sid.uncu.edu.ar\/wp\/wp-content\/uploads\/2009\/12\/IMG_2757.jpg?resize=550%2C733&amp;ssl=1 550w, https:\/\/i0.wp.com\/sid.uncu.edu.ar\/wp\/wp-content\/uploads\/2009\/12\/IMG_2757.jpg?resize=300%2C400&amp;ssl=1 300w, https:\/\/i0.wp.com\/sid.uncu.edu.ar\/wp\/wp-content\/uploads\/2009\/12\/IMG_2757.jpg?resize=768%2C1024&amp;ssl=1 768w, https:\/\/i0.wp.com\/sid.uncu.edu.ar\/wp\/wp-content\/uploads\/2009\/12\/IMG_2757.jpg?w=2000&amp;ssl=1 2000w\" sizes=\"auto, (max-width: 550px) 100vw, 550px\" \/> <img data-recalc-dims=\"1\" loading=\"lazy\" decoding=\"async\" class=\"aligncenter size-large wp-image-11063\" src=\"https:\/\/i0.wp.com\/sid.uncu.edu.ar\/sid\/wp-content\/uploads\/2009\/12\/IMGP0583-550x733.jpg?resize=550%2C733\" alt=\"\" width=\"550\" height=\"733\" srcset=\"https:\/\/i0.wp.com\/sid.uncu.edu.ar\/wp\/wp-content\/uploads\/2009\/12\/IMGP0583.jpg?resize=550%2C733&amp;ssl=1 550w, https:\/\/i0.wp.com\/sid.uncu.edu.ar\/wp\/wp-content\/uploads\/2009\/12\/IMGP0583.jpg?resize=300%2C400&amp;ssl=1 300w, https:\/\/i0.wp.com\/sid.uncu.edu.ar\/wp\/wp-content\/uploads\/2009\/12\/IMGP0583.jpg?resize=768%2C1024&amp;ssl=1 768w, https:\/\/i0.wp.com\/sid.uncu.edu.ar\/wp\/wp-content\/uploads\/2009\/12\/IMGP0583.jpg?w=2000&amp;ssl=1 2000w\" sizes=\"auto, (max-width: 550px) 100vw, 550px\" \/><br \/>\n<\/strong><\/p>\n<\/div>\n<\/div>\n<\/div>\n<\/div>\n","protected":false},"excerpt":{"rendered":"<p>Nombre: Biblioteca \u00abMauricio A. L\u00f3pez\u00bb de la Asociaci\u00f3n Ecum\u00e9nica de Cuyo Direcci\u00f3n: CHILE 771. Ciudad, Mendoza. Mail: bibliomlopezmza@gmail.com Tel\u00e9fono: Whatsapp&nbsp;<\/p>\n<div class=\"read-more\"><a class=\"btn button-secondary\" href=\"https:\/\/sid.uncu.edu.ar\/wp\/ecumenica\/\">Leer m\u00e1s<\/a><\/div>\n","protected":false},"author":11,"featured_media":0,"parent":0,"menu_order":15,"comment_status":"closed","ping_status":"closed","template":"","meta":{"_acf_changed":false,"bgseo_title":"","bgseo_description":"","bgseo_robots_index":"index","bgseo_robots_follow":"follow","footnotes":""},"class_list":["post-27","page","type-page","status-publish"],"acf":[],"jetpack-related-posts":[{"id":71,"url":"https:\/\/sid.uncu.edu.ar\/wp\/prestamos\/","url_meta":{"origin":27,"position":0},"title":"Pr\u00e9stamos &#8211; Circulaci\u00f3n","author":"SID Comunicaci\u00f3n","date":"9 diciembre 2009","format":false,"excerpt":"Viv\u00ed tu derecho a la informaci\u00f3n En las bibliotecas de todas las facultades y en la Biblioteca Central, todos tienen derecho, sin restricciones, a la lectura de libros y revistas en sala. Nuestras bibliotecas son semip\u00fablicas y est\u00e1n destinadas prioritariamente a servir de apoyo a la docencia, el estudio y\u2026","rel":"","context":"En \u00abSin categor\u00eda\u00bb","block_context":{"text":"Sin categor\u00eda","link":"https:\/\/sid.uncu.edu.ar\/wp\/categorias\/sin-categoria\/"},"img":{"alt_text":"Carnet \u00danico de la UNCuyo","src":"https:\/\/i0.wp.com\/sid.uncu.edu.ar\/sid\/wp-content\/uploads\/2009\/12\/prestamos.jpg?resize=350%2C200","width":350,"height":200},"classes":[]},{"id":275,"url":"https:\/\/sid.uncu.edu.ar\/wp\/contacto\/","url_meta":{"origin":27,"position":1},"title":"Contacto","author":"SID Comunicaci\u00f3n","date":"12 marzo 2010","format":false,"excerpt":"Facultades \/ Institutos \/ Colegios \/ Ecum\u00e9nica \/ Balseiro Si desea realizar una consulta sobre c\u00f3mo encontrar materiales bibliogr\u00e1ficos, escr\u00edbanos desde el formulario de referencia electr\u00f3nica \"consulte a un bibliotecario\"","rel":"","context":"En \u00abSin categor\u00eda\u00bb","block_context":{"text":"Sin categor\u00eda","link":"https:\/\/sid.uncu.edu.ar\/wp\/categorias\/sin-categoria\/"},"img":{"alt_text":"","src":"https:\/\/i0.wp.com\/bibliotecas.uncu.edu.ar\/explorador3\/themes\/bibliotecas\/images\/logo.jpg?resize=350%2C200&ssl=1","width":350,"height":200},"classes":[]},{"id":3351,"url":"https:\/\/sid.uncu.edu.ar\/wp\/alfin\/1%c2%aa-jornadas-ncionales-alfin-en-mendoza\/programa\/","url_meta":{"origin":27,"position":2},"title":"Programa &#8211; Jornadas de ALFIN 2011","author":"SID Comunicaci\u00f3n","date":"8 noviembre 2011","format":false,"excerpt":"Jueves 17 de noviembre 08:30 - ACREDITACIONES 10:00 - Palabras de Bienvenida a cargo de las autoridades de la UNCuyo 10:30 - Conferencia Magistral: Jes\u00fas Lau, Proyectos ALFIN - IFLA y UNESCO. 11:30 - Caf\u00e9 12:00 - PANEL: Restricciones en el acceso a la informaci\u00f3n. Pasado y presente. Coordinaci\u00f3n Alejandra\u2026","rel":"","context":"Entrada similar","block_context":{"text":"Entrada similar","link":""},"img":{"alt_text":"","src":"","width":0,"height":0},"classes":[]},{"id":8848,"url":"https:\/\/sid.uncu.edu.ar\/wp\/biblioteca-personal-dr-arturo-andres-roig\/","url_meta":{"origin":27,"position":3},"title":"Biblioteca Personal Dr. Arturo Andr\u00e9s Roig","author":"SID Comunicaci\u00f3n","date":"15 diciembre 2015","format":false,"excerpt":"\u00a0 \u00a0 Vea adem\u00e1s Entrevista radial a Elisabeth Roig, hija de Don Arturo Entrevista radial a Horacio Degiorgi, director del SID \u00a0 Presentaci\u00f3n en fotos del proceso de mudanza de la Biblioteca https:\/\/youtu.be\/5KhOms_zrU4 \u201cSaber que la obra de Arturo est\u00e1 aqu\u00ed, es sentir que est\u00e1 en su casa\u201d (Prensa UNCUYO\u2026","rel":"","context":"Entrada similar","block_context":{"text":"Entrada similar","link":""},"img":{"alt_text":"","src":"https:\/\/i0.wp.com\/sid.uncu.edu.ar\/wp\/wp-content\/uploads\/2015\/11\/biblioteca-15.jpg?resize=350%2C200","width":350,"height":200,"srcset":"https:\/\/i0.wp.com\/sid.uncu.edu.ar\/wp\/wp-content\/uploads\/2015\/11\/biblioteca-15.jpg?resize=350%2C200 1x, https:\/\/i0.wp.com\/sid.uncu.edu.ar\/wp\/wp-content\/uploads\/2015\/11\/biblioteca-15.jpg?resize=525%2C300 1.5x, https:\/\/i0.wp.com\/sid.uncu.edu.ar\/wp\/wp-content\/uploads\/2015\/11\/biblioteca-15.jpg?resize=700%2C400 2x, https:\/\/i0.wp.com\/sid.uncu.edu.ar\/wp\/wp-content\/uploads\/2015\/11\/biblioteca-15.jpg?resize=1050%2C600 3x, https:\/\/i0.wp.com\/sid.uncu.edu.ar\/wp\/wp-content\/uploads\/2015\/11\/biblioteca-15.jpg?resize=1400%2C800 4x"},"classes":[]},{"id":4316,"url":"https:\/\/sid.uncu.edu.ar\/wp\/alfin\/4440a-jornada-nacional-de-bibliotecarios-abgra-buenos-aires\/","url_meta":{"origin":27,"position":4},"title":"40\u00aa Jornada Nacional de Bibliotecarios &#8211; ABGRA, Buenos Aires-2008","author":"SID Comunicaci\u00f3n","date":"5 julio 2012","format":false,"excerpt":"El presente expone las conclusiones de una experiencia en torno a la formaci\u00f3n de usuarios informacionales desarrollada por los bibliotecario\/as de las doce Unidades Acad\u00e9micas de la Universidad Nacional de Cuyo. La experiencia se enmarca en la convocatoria de la 40a Reuni\u00f3n de Bibliotecas cuya denominaci\u00f3n es BIBLIOTECAS: PILARES PARA\u2026","rel":"","context":"Entrada similar","block_context":{"text":"Entrada similar","link":""},"img":{"alt_text":"","src":"","width":0,"height":0},"classes":[]},{"id":883,"url":"https:\/\/sid.uncu.edu.ar\/wp\/bibliotecas-del-sid-old\/instituto-balseiro\/","url_meta":{"origin":27,"position":5},"title":"Instituto Balseiro","author":"SID Comunicaci\u00f3n","date":"11 mayo 2010","format":false,"excerpt":"BIBLIOTECA LEO FALICOV Sitio web de la biblioteca: http:\/\/biblioteca.cab.cnea.gov.ar\/ Resonsable de la biblioteca:\u00a0Marisa Velazco Aldao La biblioteca de CAB-IB cuenta con abundante material en f\u00edsica, ingenier\u00eda nuclear e ingenier\u00eda mec\u00e1nica as\u00ed como en las \u00e1reas de matem\u00e1tica, qu\u00edmica, ciencia de materiales y computaci\u00f3n. El fondo bibliogr\u00e1fico est\u00e1 formado por 18.500\u2026","rel":"","context":"En \u00abSin categor\u00eda\u00bb","block_context":{"text":"Sin categor\u00eda","link":"https:\/\/sid.uncu.edu.ar\/wp\/categorias\/sin-categoria\/"},"img":{"alt_text":"","src":"","width":0,"height":0},"classes":[]}],"jetpack_sharing_enabled":true,"jetpack_likes_enabled":true,"_links":{"self":[{"href":"https:\/\/sid.uncu.edu.ar\/wp\/wp-json\/wp\/v2\/pages\/27","targetHints":{"allow":["GET"]}}],"collection":[{"href":"https:\/\/sid.uncu.edu.ar\/wp\/wp-json\/wp\/v2\/pages"}],"about":[{"href":"https:\/\/sid.uncu.edu.ar\/wp\/wp-json\/wp\/v2\/types\/page"}],"author":[{"embeddable":true,"href":"https:\/\/sid.uncu.edu.ar\/wp\/wp-json\/wp\/v2\/users\/11"}],"replies":[{"embeddable":true,"href":"https:\/\/sid.uncu.edu.ar\/wp\/wp-json\/wp\/v2\/comments?post=27"}],"version-history":[{"count":28,"href":"https:\/\/sid.uncu.edu.ar\/wp\/wp-json\/wp\/v2\/pages\/27\/revisions"}],"predecessor-version":[{"id":19242,"href":"https:\/\/sid.uncu.edu.ar\/wp\/wp-json\/wp\/v2\/pages\/27\/revisions\/19242"}],"wp:attachment":[{"href":"https:\/\/sid.uncu.edu.ar\/wp\/wp-json\/wp\/v2\/media?parent=27"}],"curies":[{"name":"wp","href":"https:\/\/api.w.org\/{rel}","templated":true}]}}