{"id":241,"date":"2010-03-10T14:20:58","date_gmt":"2010-03-10T17:20:58","guid":{"rendered":"http:\/\/bdigital.uncu.edu.ar\/sid\/?page_id=241"},"modified":"2010-12-02T12:16:30","modified_gmt":"2010-12-02T15:16:30","slug":"enlaces","status":"publish","type":"page","link":"https:\/\/sid.uncu.edu.ar\/wp\/buscador\/enlaces\/","title":{"rendered":"Enlaces"},"content":{"rendered":"<form action=\"http:\/\/sid.uncu.edu.ar\/nuevosibi\/buscador\/simul_nuevo.php\" method=\"get\"> <input name=\"desde\" type=\"hidden\" value=\"1\" \/> <input name=\"campo\" type=\"hidden\" value=\"0\" \/> <input name=\"hasta\" type=\"hidden\" value=\"20\" \/>Buscar por<\/p>\n<p><select class=\"form_busc\" name=\"campo\"><option selected=\"selected\" value=\"0\">Todo<\/option><option selected=\"selected\" value=\"3\">Palabras claves<\/option><option value=\"1\">T\u00edtulo<\/option><option value=\"2\">Autor<\/option><\/select> <input class=\"form_busc\" alt=\"Busca libros, revistas, material en cd\" name=\"expresion\" size=\"30\" type=\"text\" \/> <input class=\"form_busc\" name=\"Submit\" type=\"submit\" value=\"Buscar\" \/> <\/form>\n","protected":false},"excerpt":{"rendered":"<p>Buscar por TodoPalabras clavesT\u00edtuloAutor<\/p>\n","protected":false},"author":11,"featured_media":0,"parent":237,"menu_order":1,"comment_status":"open","ping_status":"open","template":"","meta":{"_acf_changed":false,"bgseo_title":"","bgseo_description":"","bgseo_robots_index":"","bgseo_robots_follow":"","footnotes":""},"class_list":["post-241","page","type-page","status-publish"],"acf":[],"jetpack-related-posts":[{"id":239,"url":"https:\/\/sid.uncu.edu.ar\/wp\/buscador\/libros\/","url_meta":{"origin":241,"position":0},"title":"Libros","author":"SID Comunicaci\u00f3n","date":"10 marzo 2010","format":false,"excerpt":"Buscar por Todo Palabras claves T\u00edtulo Autor","rel":"","context":"En \u00abSin categor\u00eda\u00bb","block_context":{"text":"Sin categor\u00eda","link":"https:\/\/sid.uncu.edu.ar\/wp\/categorias\/sin-categoria\/"},"img":{"alt_text":"","src":"","width":0,"height":0},"classes":[]},{"id":4916,"url":"https:\/\/sid.uncu.edu.ar\/wp\/naciones-unidas\/novedades-y-publicaciones\/","url_meta":{"origin":241,"position":1},"title":"NOVEDADES Y PUBLICACIONES","author":"SID Comunicaci\u00f3n","date":"29 octubre 2012","format":false,"excerpt":"\u00a0 En UNPublications podr\u00e1s encontrar alrededor de 5000 t\u00edtulos de Naciones Unidas y sus organismos clave para descargar y leer. Has click en el siguiente enlace para descubrir las novedades en el cat\u00e1logo:\u00a0http:\/\/issuu.com\/unpublications \u00a0","rel":"","context":"Entrada similar","block_context":{"text":"Entrada similar","link":""},"img":{"alt_text":"","src":"https:\/\/i0.wp.com\/sid.uncu.edu.ar\/sid\/wp-content\/uploads\/2012\/10\/photo1.jpg?resize=350%2C200","width":350,"height":200},"classes":[]},{"id":500,"url":"https:\/\/sid.uncu.edu.ar\/wp\/buscador\/ayuda-recursos\/","url_meta":{"origin":241,"position":2},"title":"Ayuda en la b\u00fasqueda de bibliograf\u00eda","author":"SID Comunicaci\u00f3n","date":"23 marzo 2010","format":false,"excerpt":"Formulaci\u00f3n de Estrategias de B\u00fasqueda: 1\u00ba Paso: definir los conceptos. Ejemplos: Si se busca sobre pobreza en Argentina se define que hay dos temas centrales: * Pobreza * Argentina Si se busca liquidaci\u00f3n de empresas en quiebra, hay tres temas centrales: * Liquidaci\u00f3n * Empresas * Quiebras Si se busca\u2026","rel":"","context":"En \u00abSin categor\u00eda\u00bb","block_context":{"text":"Sin categor\u00eda","link":"https:\/\/sid.uncu.edu.ar\/wp\/categorias\/sin-categoria\/"},"img":{"alt_text":"","src":"https:\/\/i0.wp.com\/sid.uncu.edu.ar\/sid\/wp-content\/uploads\/2010\/03\/andornot.jpg?resize=350%2C200","width":350,"height":200},"classes":[]},{"id":215,"url":"https:\/\/sid.uncu.edu.ar\/wp\/biblioteca-central\/hemeroteca\/","url_meta":{"origin":241,"position":3},"title":"Hemeroteca","author":"SID Comunicaci\u00f3n","date":"3 marzo 2010","format":false,"excerpt":"Cuenta con 12.000 ejemplares de revistas y publicaciones cient\u00edficas de m\u00e1s de 2.000 t\u00edtulos, se encuentra en la Biblioteca Central. El pr\u00e9stamo de sus materiales es restringido, el material solamente puede consultarse en sala, pero las estanter\u00edas son abiertas, y pod\u00e9s consultar todos los ejemplares que quieras y buscar vos\u2026","rel":"","context":"En \u00abSin categor\u00eda\u00bb","block_context":{"text":"Sin categor\u00eda","link":"https:\/\/sid.uncu.edu.ar\/wp\/categorias\/sin-categoria\/"},"img":{"alt_text":"","src":"https:\/\/i0.wp.com\/sid.uncu.edu.ar\/sid\/wp-content\/uploads\/2010\/03\/biblio1.jpg?resize=350%2C200","width":350,"height":200},"classes":[]},{"id":105,"url":"https:\/\/sid.uncu.edu.ar\/wp\/recursos-electronicos\/seccion-enlaces\/","url_meta":{"origin":241,"position":4},"title":"Enlaces","author":"SID Comunicaci\u00f3n","date":"14 diciembre 2009","format":false,"excerpt":"Esta secci\u00f3n permite al usuario acceder a gran cantidad de p\u00e1ginas de Internet, organizadas por tema, para facilitar su acceso. Permite, adem\u00e1s, sugerir los enlaces que considere apropiados. La administraci\u00f3n de esta secci\u00f3n est\u00e1 a cargo de Elena Baeza.","rel":"","context":"En \u00abSin categor\u00eda\u00bb","block_context":{"text":"Sin categor\u00eda","link":"https:\/\/sid.uncu.edu.ar\/wp\/categorias\/sin-categoria\/"},"img":{"alt_text":"","src":"","width":0,"height":0},"classes":[]},{"id":55,"url":"https:\/\/sid.uncu.edu.ar\/wp\/cdh\/","url_meta":{"origin":241,"position":5},"title":"Centro de Documentaci\u00f3n Hist\u00f3rica | CDH","author":"CDH","date":"7 diciembre 2009","format":false,"excerpt":"Evoluci\u00f3n del Campus Historia de la UNCUYOBreve rese\u00f1a de la UNCUYO \u00a0 Descubr\u00ed el Explorador de registros de documentos hist\u00f3ricos de la UNCUYO. Acceder al explorador \u00bfCu\u00e1l es la tarea del CDH? El CDH tiene como misi\u00f3n recopilar, clasificar, ordenar y preservar todos los documentos relativos a la historia de\u2026","rel":"","context":"En \u00abSin categor\u00eda\u00bb","block_context":{"text":"Sin categor\u00eda","link":"https:\/\/sid.uncu.edu.ar\/wp\/categorias\/sin-categoria\/"},"img":{"alt_text":"","src":"https:\/\/i0.wp.com\/sid.uncu.edu.ar\/sid\/wp-content\/uploads\/2023\/03\/explordor.png?resize=350%2C200&ssl=1","width":350,"height":200},"classes":[]}],"jetpack_sharing_enabled":true,"jetpack_likes_enabled":true,"_links":{"self":[{"href":"https:\/\/sid.uncu.edu.ar\/wp\/wp-json\/wp\/v2\/pages\/241","targetHints":{"allow":["GET"]}}],"collection":[{"href":"https:\/\/sid.uncu.edu.ar\/wp\/wp-json\/wp\/v2\/pages"}],"about":[{"href":"https:\/\/sid.uncu.edu.ar\/wp\/wp-json\/wp\/v2\/types\/page"}],"author":[{"embeddable":true,"href":"https:\/\/sid.uncu.edu.ar\/wp\/wp-json\/wp\/v2\/users\/11"}],"replies":[{"embeddable":true,"href":"https:\/\/sid.uncu.edu.ar\/wp\/wp-json\/wp\/v2\/comments?post=241"}],"version-history":[{"count":4,"href":"https:\/\/sid.uncu.edu.ar\/wp\/wp-json\/wp\/v2\/pages\/241\/revisions"}],"predecessor-version":[{"id":1757,"href":"https:\/\/sid.uncu.edu.ar\/wp\/wp-json\/wp\/v2\/pages\/241\/revisions\/1757"}],"up":[{"embeddable":true,"href":"https:\/\/sid.uncu.edu.ar\/wp\/wp-json\/wp\/v2\/pages\/237"}],"wp:attachment":[{"href":"https:\/\/sid.uncu.edu.ar\/wp\/wp-json\/wp\/v2\/media?parent=241"}],"curies":[{"name":"wp","href":"https:\/\/api.w.org\/{rel}","templated":true}]}}