{"id":126,"date":"2010-02-03T12:05:20","date_gmt":"2010-02-03T15:05:20","guid":{"rendered":"http:\/\/bdigital.uncu.edu.ar\/sid\/?page_id=126"},"modified":"2021-09-22T13:19:34","modified_gmt":"2021-09-22T16:19:34","slug":"economicas","status":"publish","type":"page","link":"https:\/\/sid.uncu.edu.ar\/wp\/bibliotecas-del-sid-old\/economicas\/","title":{"rendered":"Ciencias Econ\u00f3micas"},"content":{"rendered":"<p><img data-recalc-dims=\"1\" loading=\"lazy\" decoding=\"async\" class=\"aligncenter size-large wp-image-11065\" src=\"https:\/\/i0.wp.com\/sid.uncu.edu.ar\/sid\/wp-content\/uploads\/2010\/02\/biblioteca-12-550x367.jpg?resize=550%2C367\" alt=\"\" width=\"550\" height=\"367\" srcset=\"https:\/\/i0.wp.com\/sid.uncu.edu.ar\/wp\/wp-content\/uploads\/2010\/02\/biblioteca-12.jpg?resize=550%2C367&amp;ssl=1 550w, https:\/\/i0.wp.com\/sid.uncu.edu.ar\/wp\/wp-content\/uploads\/2010\/02\/biblioteca-12.jpg?resize=400%2C267&amp;ssl=1 400w, https:\/\/i0.wp.com\/sid.uncu.edu.ar\/wp\/wp-content\/uploads\/2010\/02\/biblioteca-12.jpg?resize=768%2C512&amp;ssl=1 768w, https:\/\/i0.wp.com\/sid.uncu.edu.ar\/wp\/wp-content\/uploads\/2010\/02\/biblioteca-12.jpg?w=2000&amp;ssl=1 2000w, https:\/\/i0.wp.com\/sid.uncu.edu.ar\/wp\/wp-content\/uploads\/2010\/02\/biblioteca-12.jpg?w=3000&amp;ssl=1 3000w\" sizes=\"auto, (max-width: 550px) 100vw, 550px\" \/><\/p>\n<table style=\"height: 151px;\" border=\"0\" cellspacing=\"2\" cellpadding=\"2\">\n<tbody>\n<tr>\n<td width=\"33%\">\n<div><span style=\"color: #990000;\">Nombre:<\/span><\/div>\n<\/td>\n<td width=\"71%\">Biblioteca de la Facultad de Ciencias Econ\u00f3micas<\/td>\n<\/tr>\n<tr>\n<td width=\"33%\">\n<div><span style=\"color: #990000;\">Direcci\u00f3n:<\/span><\/div>\n<\/td>\n<td width=\"71%\">Centro Universitario &#8211; Parque Gral. San Mart\u00edn (5500) Mendoza<\/td>\n<\/tr>\n<tr>\n<td width=\"33%\" height=\"18\">\n<div><span style=\"color: #990000;\">Mail:<\/span><\/div>\n<\/td>\n<td width=\"67%\" height=\"21\">\n<div><a href=\"mailto:biblioteca@fcemail.uncu.edu.ar\">biblioteca@fcemail.uncu.edu.ar<\/a><\/div>\n<\/td>\n<\/tr>\n<tr>\n<td width=\"33%\">\n<div><span style=\"color: #990000;\">Tel\u00e9fono:<\/span><\/div>\n<\/td>\n<td width=\"71%\" height=\"35\">Fax: + 54 261 <strong>4232779<\/strong><br \/>\nConmutador: + 54 261 <strong>449-4009<\/strong><\/td>\n<\/tr>\n<tr>\n<td width=\"33%\">\n<div><span style=\"color: #990000;\">Directores:<\/span><\/div>\n<\/td>\n<td width=\"71%\">Silvia Paredes<\/td>\n<\/tr>\n<tr>\n<td width=\"33%\">\n<div><span style=\"color: #990000;\">Horarios de Atenci\u00f3n<\/span><\/div>\n<\/td>\n<td width=\"71%\"><span style=\"font-weight: 400;\">Abierta de lunes a viernes de 8 a 14 hs. y de 15 a 19 hs. Est\u00e1n habilitadas las computadoras para el uso, debiendo previamente pedir turno a trav\u00e9s del sitio de la Facultad:\u00a0<a href=\"https:\/\/darturnos.com\/fceuncuyo\">https:\/\/darturnos.com\/fceuncuyo<\/a><\/span><\/p>\n<p><span style=\"font-weight: 400;\">Las salas de lectura no se encuentran habilitadas. Consultas al mail: <\/span><a href=\"mailto:silvia.paredes@fce.uncu.edu.ar\"><span style=\"font-weight: 400;\">silvia.paredes@fce.uncu.edu.ar<\/span><\/a><\/td>\n<\/tr>\n<\/tbody>\n<\/table>\n<p>M\u00e1s info:<a href=\"http:\/\/fce.uncuyo.edu.ar\/biblioteca\"> http:\/\/fce.uncuyo.edu.ar\/biblioteca<\/a><\/p>\n","protected":false},"excerpt":{"rendered":"<p>Nombre: Biblioteca de la Facultad de Ciencias Econ\u00f3micas Direcci\u00f3n: Centro Universitario &#8211; Parque Gral. San Mart\u00edn (5500) Mendoza Mail: biblioteca@fcemail.uncu.edu.ar<\/p>\n<div class=\"read-more\"><a class=\"btn button-secondary\" href=\"https:\/\/sid.uncu.edu.ar\/wp\/bibliotecas-del-sid-old\/economicas\/\">Leer m\u00e1s<\/a><\/div>\n","protected":false},"author":11,"featured_media":0,"parent":20,"menu_order":5,"comment_status":"closed","ping_status":"closed","template":"","meta":{"_acf_changed":false,"bgseo_title":"","bgseo_description":"","bgseo_robots_index":"","bgseo_robots_follow":"","footnotes":""},"class_list":["post-126","page","type-page","status-publish"],"acf":[],"jetpack-related-posts":[{"id":16449,"url":"https:\/\/sid.uncu.edu.ar\/wp\/horarios-bibliotecas__old\/","url_meta":{"origin":126,"position":0},"title":"Horarios Bibliotecas","author":"SID Comunicaci\u00f3n","date":"8 abril 2022","format":false,"excerpt":"Biblioteca Central Lunes a Viernes de 9 a 19 hs\u00a0 Tel\u00e9fono 413-5216 \/\/\u00a0 WhatsApp +54 9 2615 59-6651 SIN TURNO PREVIO Servicios habilitados:\u00a0 Computadoras Sala de lectura y estudio\u00a0 Pr\u00e9stamos a domicilio\u00a0 y devoluci\u00f3n \u00a0 Facultad de Artes y Dise\u00f1o\u00a0 Lunes a Viernes de 8:30 a 19:30 hs Tel\u00e9fono 4494099\u2026","rel":"","context":"Entrada similar","block_context":{"text":"Entrada similar","link":""},"img":{"alt_text":"","src":"","width":0,"height":0},"classes":[]},{"id":872,"url":"https:\/\/sid.uncu.edu.ar\/wp\/bibliotecas-del-sid-old\/itu-institutos-tecnologicos\/","url_meta":{"origin":126,"position":1},"title":"ITU &#8211; Instituto Tecnol\u00f3gico Universitario","author":"SID Comunicaci\u00f3n","date":"11 mayo 2010","format":false,"excerpt":"Bibliotecas del ITU (Instituto Tecnol\u00f3gico Universitario) http:\/\/www.itu.uncu.edu.ar\/ Biblioteca del ITU Sede Central Direcci\u00f3n: Facultad de Ingenier\u00eda \u2013 Edificio de Aulas Centro Universitario \u2013 Parque Gral. San Mart\u00edn (5500) Mendoza Tels: 54 261 4494084\/85 - Int. 2933 Responsable: Graciela Cicognani Mail: itubiblioteca@gmail.com Horarios de Atenci\u00f3n: lunes a viernes de 9 a\u2026","rel":"","context":"En \u00abSin categor\u00eda\u00bb","block_context":{"text":"Sin categor\u00eda","link":"https:\/\/sid.uncu.edu.ar\/wp\/categorias\/sin-categoria\/"},"img":{"alt_text":"","src":"","width":0,"height":0},"classes":[]},{"id":152,"url":"https:\/\/sid.uncu.edu.ar\/wp\/bibliotecas-del-sid-old\/ingenieria\/","url_meta":{"origin":126,"position":2},"title":"Ingenier\u00eda","author":"SID Comunicaci\u00f3n","date":"5 febrero 2010","format":false,"excerpt":"Nombre: Biblioteca de la Facultad de Ingenier\u00eda \"Egidio Feruglio\" Direcci\u00f3n: Centro Universitario - Parque Gral. San Mart\u00edn (5500) Mendoza Mail: bibfing@uncu.edu.ar Tel\u00e9fono: Tel\u00e9fono (54) 261-4494002 - Fax (54) 261-4380120 interno 4082 Director: Juan Daniel Serrano Horarios de Atenci\u00f3n Abierta de lunes a viernes de 9 a 14 horas. Los pr\u00e9stamos\u2026","rel":"","context":"En \u00abSin categor\u00eda\u00bb","block_context":{"text":"Sin categor\u00eda","link":"https:\/\/sid.uncu.edu.ar\/wp\/categorias\/sin-categoria\/"},"img":{"alt_text":"","src":"https:\/\/i0.wp.com\/sid.uncu.edu.ar\/sid\/wp-content\/uploads\/2010\/02\/IMG_4696-550x413.jpg?resize=350%2C200","width":350,"height":200,"srcset":"https:\/\/i0.wp.com\/sid.uncu.edu.ar\/sid\/wp-content\/uploads\/2010\/02\/IMG_4696-550x413.jpg?resize=350%2C200 1x, https:\/\/i0.wp.com\/sid.uncu.edu.ar\/sid\/wp-content\/uploads\/2010\/02\/IMG_4696-550x413.jpg?resize=525%2C300 1.5x"},"classes":[]},{"id":139,"url":"https:\/\/sid.uncu.edu.ar\/wp\/bibliotecas-del-sid-old\/politicas\/","url_meta":{"origin":126,"position":3},"title":"Ciencias Pol\u00edticas y Sociales","author":"SID Comunicaci\u00f3n","date":"3 febrero 2010","format":false,"excerpt":"Nombre: Biblioteca de la Facultad de Ciencias Pol\u00edticas y Sociales \"Dr. Orlando Molina Cabrera\" Direcci\u00f3n: Fac. de Cs. Pol\u00edticas y Sociales- Ciudad Universitaria - Parque Gral. San Mart\u00edn (5500) Mendoza Mail: bibliotecamolinacabrera.fcpys@gmail.com Tel\u00e9fono: +54 261 4135000 - 4135008\u00a0- interno 2017 Director: Patricia Sanchez Horarios de Atenci\u00f3n \u00a0Abierta de lunes a\u2026","rel":"","context":"En \u00abSin categor\u00eda\u00bb","block_context":{"text":"Sin categor\u00eda","link":"https:\/\/sid.uncu.edu.ar\/wp\/categorias\/sin-categoria\/"},"img":{"alt_text":"","src":"","width":0,"height":0},"classes":[]},{"id":117,"url":"https:\/\/sid.uncu.edu.ar\/wp\/bibliotecas-del-sid-old\/ciencias-agrarias\/","url_meta":{"origin":126,"position":4},"title":"Ciencias Agrarias","author":"SID Comunicaci\u00f3n","date":"3 febrero 2010","format":false,"excerpt":"Nombre: Biblioteca de la Facultad de Ciencias Agrarias Direcci\u00f3n: Alte. Brown 500 Chacras de Coria - Luj\u00e1n - Mendoza Mail: biblio@fca.uncu.edu.ar Tel\u00e9fono: +261 413 5010 Direcci\u00f3n: 1117 - Procesos: 1146 Directora: \u00a0Lic.\u00a0Jorge L\u00f3pez Boccardo| Director Horarios de Atenci\u00f3n A partir del 4 de octubre: Lunes a viernes de 10 a\u2026","rel":"","context":"En \u00abSin categor\u00eda\u00bb","block_context":{"text":"Sin categor\u00eda","link":"https:\/\/sid.uncu.edu.ar\/wp\/categorias\/sin-categoria\/"},"img":{"alt_text":"","src":"https:\/\/i0.wp.com\/bibliotecas.uncu.edu.ar\/biblios\/agro.jpg?resize=350%2C200&ssl=1","width":350,"height":200,"srcset":"https:\/\/i0.wp.com\/bibliotecas.uncu.edu.ar\/biblios\/agro.jpg?resize=350%2C200&ssl=1 1x, https:\/\/i0.wp.com\/bibliotecas.uncu.edu.ar\/biblios\/agro.jpg?resize=525%2C300&ssl=1 1.5x"},"classes":[]},{"id":135,"url":"https:\/\/sid.uncu.edu.ar\/wp\/bibliotecas-del-sid-old\/medicina\/","url_meta":{"origin":126,"position":5},"title":"Ciencias M\u00e9dicas","author":"SID Comunicaci\u00f3n","date":"3 febrero 2010","format":false,"excerpt":"Nombre: Biblioteca de la Facultad de Ciencias M\u00e9dicas Direcci\u00f3n: Fac. de Cs. M\u00e9dicas - Ciudad Universitaria - Parque Gral. San Mart\u00edn (5500) Mendoza Mail: biblifcm@fcm.uncu.edu.ar Tel\u00e9fono: Tel: (+261) 449-4121 Internos UNCUYO: 4121 (Biblioteca) - 2634 (Direcci\u00f3n) Director: Felicinda Barrionuevo Horarios de Atenci\u00f3n Abierta de lunes a viernes de 8 a\u2026","rel":"","context":"En \u00abSin categor\u00eda\u00bb","block_context":{"text":"Sin categor\u00eda","link":"https:\/\/sid.uncu.edu.ar\/wp\/categorias\/sin-categoria\/"},"img":{"alt_text":"","src":"https:\/\/i0.wp.com\/sid.uncu.edu.ar\/sid\/wp-content\/uploads\/2010\/02\/medicina-1-550x413.jpg?resize=350%2C200","width":350,"height":200,"srcset":"https:\/\/i0.wp.com\/sid.uncu.edu.ar\/sid\/wp-content\/uploads\/2010\/02\/medicina-1-550x413.jpg?resize=350%2C200 1x, https:\/\/i0.wp.com\/sid.uncu.edu.ar\/sid\/wp-content\/uploads\/2010\/02\/medicina-1-550x413.jpg?resize=525%2C300 1.5x"},"classes":[]}],"jetpack_sharing_enabled":true,"jetpack_likes_enabled":true,"_links":{"self":[{"href":"https:\/\/sid.uncu.edu.ar\/wp\/wp-json\/wp\/v2\/pages\/126","targetHints":{"allow":["GET"]}}],"collection":[{"href":"https:\/\/sid.uncu.edu.ar\/wp\/wp-json\/wp\/v2\/pages"}],"about":[{"href":"https:\/\/sid.uncu.edu.ar\/wp\/wp-json\/wp\/v2\/types\/page"}],"author":[{"embeddable":true,"href":"https:\/\/sid.uncu.edu.ar\/wp\/wp-json\/wp\/v2\/users\/11"}],"replies":[{"embeddable":true,"href":"https:\/\/sid.uncu.edu.ar\/wp\/wp-json\/wp\/v2\/comments?post=126"}],"version-history":[{"count":13,"href":"https:\/\/sid.uncu.edu.ar\/wp\/wp-json\/wp\/v2\/pages\/126\/revisions"}],"predecessor-version":[{"id":15164,"href":"https:\/\/sid.uncu.edu.ar\/wp\/wp-json\/wp\/v2\/pages\/126\/revisions\/15164"}],"up":[{"embeddable":true,"href":"https:\/\/sid.uncu.edu.ar\/wp\/wp-json\/wp\/v2\/pages\/20"}],"wp:attachment":[{"href":"https:\/\/sid.uncu.edu.ar\/wp\/wp-json\/wp\/v2\/media?parent=126"}],"curies":[{"name":"wp","href":"https:\/\/api.w.org\/{rel}","templated":true}]}}